{"id":30,"date":"2020-04-16T14:38:38","date_gmt":"2020-04-16T14:38:38","guid":{"rendered":"https:\/\/new.kurti-07.com\/?page_id=30"},"modified":"2020-04-19T19:46:19","modified_gmt":"2020-04-19T19:46:19","slug":"rreth-nesh","status":"publish","type":"page","link":"https:\/\/kurti-07.com\/index.php\/rreth-nesh\/","title":{"rendered":"RRETH NESH"},"content":{"rendered":"<div class=\"wpb-content-wrapper\"><p>[vc_row][vc_column][vc_custom_heading text=&#8221;HISTORIKU&#8221; font_container=&#8221;tag:h2|text_align:left|color:%23000000&#8243; google_fonts=&#8221;font_family:Alegreya%20Sans%3A100%2C100italic%2C300%2C300italic%2Cregular%2Citalic%2C500%2C500italic%2C700%2C700italic%2C800%2C800italic%2C900%2C900italic|font_style:400%20regular%3A400%3Anormal&#8221;][vc_separator color=&#8221;orange&#8221; align=&#8221;align_left&#8221; border_width=&#8221;9&#8243; el_width=&#8221;10&#8243;][\/vc_column][\/vc_row][vc_row][vc_column width=&#8221;2\/3&#8243;][vc_column_text]<\/p>\n<p style=\"text-align: justify;\">\u201cKURTI-07\u201d sh.p.k \u00ebsht\u00eb themeluar ne vitin 2007 me seli n\u00eb Rinas, me nj\u00eb aktivitet prej 10 vitesh n\u00eb fush\u00ebn e punimeve t\u00eb nd\u00ebrtimit, g\u00ebrmime, punime t\u00eb kanalizimeve, sistemime territoresh e zonash t\u00eb gjelbra, punime n\u00eb fush\u00ebn e uj\u00ebsjell\u00ebsave, furnizimi me inerte, materiale t\u00eb nd\u00ebrtimit dhe transporte t\u00eb llojeve t\u00eb ndyshme. Shoq\u00ebria jon\u00eb \u00ebsht\u00eb e njohur p\u00ebr t\u00eb gjitha llojet e punimeve t\u00eb nd\u00ebrtimit si dhe n\u00eb g\u00ebrmim dhe mbushje, sistemime dhe zhvillime t\u00eb zonave t\u00eb gjelbra.<br \/>\nFillesat e punimeve t\u00eb administratorit t\u00eb \u201cKurti-07\u201d shpk n\u00eb punimet e nd\u00ebrtimit, g\u00ebrmimit, gjelb\u00ebrimeve, kanalizimeve nis q\u00eb n\u00eb fillimet e viteve \u201990. Gjithashtu administratori s\u00ebbashku me disa punonj\u00ebs t\u00eb tjer\u00eb t\u00eb \u201cKurti-07\u201d nga vitet 1998 deri n\u00eb vitin 2004 kan\u00eb qen\u00eb pjes\u00eb e sektorit t\u00eb mir\u00ebmbajtjes s\u00eb zon\u00ebs s\u00eb gjelb\u00ebr n\u00eb aeroportin \u201cNene Tereza\u201d Tiran\u00eb n\u00ebn var\u00ebsin\u00eb e Albtransport sh.a.<br \/>\nN\u00eb vitin 2007 Z. Urim Kurti n\u00eb baz\u00eb t\u00eb eksperiencave t\u00eb tij dhe personave me t\u00eb cil\u00ebt punon krijon shoq\u00ebrin\u00eb me p\u00ebrgjegj\u00ebsi t\u00eb kufizuar \u201cKurti-07\u201d.<\/p>\n<p>[\/vc_column_text][\/vc_column][vc_column width=&#8221;1\/3&#8243;][vc_single_image image=&#8221;49&#8243; img_size=&#8221;full&#8221; alignment=&#8221;center&#8221; image_hovers=&#8221;false&#8221;][\/vc_column][\/vc_row][vc_row][vc_column][vc_column_text]<\/p>\n<p style=\"text-align: justify;\">Nj\u00ebsia jon\u00eb ekonomike mb\u00ebshtetur n\u00eb eksperiencat personale t\u00eb secilit person t\u00eb stafit p\u00ebrb\u00ebr\u00ebs vazhdon t\u00eb eci me ritme t\u00eb larta n\u00eb sektorin q\u00eb operon, n\u00eb cil\u00ebsin\u00eb e ofruar dhe shpejt\u00ebsin\u00eb e realizimit t\u00eb punimeve t\u00eb kontaktuara.<br \/>\nPuna n\u00eb \u201cKurti-07\u201d p\u00ebrq\u00ebndrohet n\u00eb nj\u00eb marr\u00ebdh\u00ebnie solide besueshm\u00ebrie dhe partneriteti me t\u00eb gjith\u00eb bashk\u00ebpun\u00ebtor\u00ebt dhe klient\u00ebt. \u201cKurti-07\u201d kujdeset p\u00ebr interesat dhe mir\u00ebq\u00ebnien e t\u00eb gjith\u00ebve. Kompania ndihmon klient\u00ebt si dhe bashk\u00ebpun\u00ebtor\u00ebt duke i p\u00ebrfshir\u00eb vazhdimisht n\u00eb sukseset dhe arritjet. Progresi i vazhduesh\u00ebm, projektet bashk\u00ebkohore si edhe programet e p\u00ebrparuara n\u00eb zhvillim, sigurojn\u00eb nj\u00eb motivim t\u00eb mjaftuesh\u00ebm p\u00ebr t\u00eb gjith\u00eb stafin.<br \/>\n\u201cKurti-07\u201d me stafin e kualifikuar dhe me nj\u00eb num\u00ebr t\u00eb larta t\u00eb makinerive dhe t\u00eb pajisjeve n\u00eb pron\u00ebsi t\u00eb saj, \u00ebsht\u00eb nj\u00eb nd\u00ebr kompanit\u00eb q\u00eb konkuron suksesh\u00ebm segmentin e tregut n\u00eb t\u00eb cilin \u00ebsht\u00eb p\u00ebrq\u00ebndruar.<\/p>\n<p>[\/vc_column_text][vc_empty_space][vc_custom_heading text=&#8221;VLERAT TONA&#8221; font_container=&#8221;tag:h2|text_align:left|color:%23000000&#8243; google_fonts=&#8221;font_family:Alegreya%20Sans%3A100%2C100italic%2C300%2C300italic%2Cregular%2Citalic%2C500%2C500italic%2C700%2C700italic%2C800%2C800italic%2C900%2C900italic|font_style:400%20regular%3A400%3Anormal&#8221;][vc_separator color=&#8221;orange&#8221; align=&#8221;align_left&#8221; border_width=&#8221;9&#8243; el_width=&#8221;10&#8243;][\/vc_column][\/vc_row][vc_row][vc_column width=&#8221;1\/2&#8243;][vc_column_text]<\/p>\n<p style=\"text-align: justify;\">T\u00eb nd\u00ebrtojm\u00eb projekte me vler\u00eb, cil\u00ebsi t\u00eb padiskutueshme dhe standarde t\u00eb larta n\u00eb dobi t\u00eb klient\u00ebve, bashk\u00ebpun\u00ebtor\u00ebve tan\u00eb, si edhe komunitetit.<\/p>\n<p style=\"text-align: justify;\">Ne besojm\u00eb se punonj\u00ebsit jan\u00eb aseti m\u00eb i vyer i kompanis\u00eb son\u00eb. Sukseset dhe arritjet e vlerave i kushtohen ekspertiz\u00ebs, profesionalizmit dhe p\u00ebrkushtimit t\u00eb tyre. Ne ofrojm\u00eb nj\u00eb sistem t\u00eb shk\u00eblqyer motivimi, si edhe kujdesemi p\u00ebr trajnimin e vazhduesh\u00ebm t\u00eb stafit.<br \/>\nNe udh\u00ebhiqemi nga parimi i integritetit n\u00eb m\u00ebnyr\u00ebn e t\u00eb punuarit cil\u00ebsisht, n\u00eb afate kohore t\u00eb parashikuara dhe konform rregullave e ligjeve. Klient\u00ebt, bashk\u00ebpun\u00ebtor\u00ebt dhe komuniteti n\u00eb t\u00ebr\u00ebsi na konsiderojn\u00eb si nj\u00eb partner t\u00eb besuesh\u00ebm biznesi sepse punojm\u00eb duke mbrojtur e respektuar interesat.<\/p>\n<p>[\/vc_column_text][\/vc_column][vc_column width=&#8221;1\/2&#8243;][vc_column_text]<\/p>\n<p style=\"text-align: justify;\">Ne kujdesemi q\u00eb t\u00eb aplikojm\u00eb plane t\u00eb rrepta sigurie p\u00ebr punonj\u00ebsit tan\u00eb dhe monitorojm\u00eb n\u00eb m\u00ebnyr\u00eb t\u00eb vazhdueshme sigurin\u00eb e tyre ndaj rreziqeve t\u00eb pun\u00ebs n\u00eb terren. Respektojm\u00eb pro\u00e7edurat teknike mbi Sh\u00ebndetin, Sigurin\u00eb dhe Mjedisin dhe p\u00ebrdorim rigorozisht veshjet e siguris\u00eb dhe sinjalistikat n\u00eb kantier.<br \/>\nKurti-07 siguron sh\u00ebrbime dhe produkte t\u00eb cil\u00ebsis\u00eb s\u00eb lart\u00eb. Ne punojm\u00eb n\u00eb interes t\u00eb zhvillimit t\u00eb konsumatorit dhe bashk\u00ebpun\u00ebtor\u00ebve tan\u00eb. Ne kujdesemi q\u00eb aktiviteti yn\u00eb t\u00eb respektoj standardet e cil\u00ebsis\u00eb. Kujdesemi p\u00ebr mbrojtjen e punonj\u00ebsve, sigurin\u00eb dhe sh\u00ebndetin e tyre n\u00eb ambjentin e pun\u00ebs. Respektojm\u00eb standardet m\u00eb t\u00eb larta t\u00eb siguris\u00eb, si edhe ofrojm\u00eb aktivitete trajnuese dhe nj\u00eb sistem t\u00eb shk\u00eblqyer monitorimi p\u00ebr respektimin e niveleve t\u00eb ndryshme t\u00eb siguris\u00eb.<\/p>\n<p>[\/vc_column_text][\/vc_column][\/vc_row][vc_row][vc_column][vc_custom_heading text=&#8221;CFARE NE OFROJME !&#8221; font_container=&#8221;tag:h2|text_align:left|color:%23000000&#8243; google_fonts=&#8221;font_family:Alegreya%20Sans%3A100%2C100italic%2C300%2C300italic%2Cregular%2Citalic%2C500%2C500italic%2C700%2C700italic%2C800%2C800italic%2C900%2C900italic|font_style:400%20regular%3A400%3Anormal&#8221;][vc_separator color=&#8221;orange&#8221; align=&#8221;align_left&#8221; border_width=&#8221;9&#8243; el_width=&#8221;10&#8243;][vc_row_inner][vc_column_inner width=&#8221;1\/2&#8243;][vc_single_image image=&#8221;45&#8243; img_size=&#8221;full&#8221; alignment=&#8221;center&#8221; image_hovers=&#8221;false&#8221;][\/vc_column_inner][vc_column_inner width=&#8221;1\/2&#8243;]<div class=\"standard-arrow list-divider bullet-top\"><ul>\n<li>Materiale Ndertimi<\/li>\n<li>Punime Germimi<\/li>\n<li>Punime T\u00eb Kanalizimeve<\/li>\n<\/ul>\n<\/div><div class=\"standard-arrow list-divider bullet-top\"><ul>\n<li>Sistemime Territoresh Dhe Zonave T\u00eb Gjelbra<\/li>\n<li>Furnizime Inertesh<\/li>\n<li>Transport<\/li>\n<\/ul>\n<\/div>[\/vc_column_inner][\/vc_row_inner][\/vc_column][\/vc_row][vc_row][vc_column][vc_custom_heading text=&#8221;ASETET E KOMPANISE TONE&#8221; font_container=&#8221;tag:h2|text_align:center|color:%23000000&#8243; google_fonts=&#8221;font_family:Alegreya%20Sans%3A100%2C100italic%2C300%2C300italic%2Cregular%2Citalic%2C500%2C500italic%2C700%2C700italic%2C800%2C800italic%2C900%2C900italic|font_style:400%20regular%3A400%3Anormal&#8221;][vc_separator color=&#8221;orange&#8221; border_width=&#8221;9&#8243; el_width=&#8221;10&#8243;][vc_row_inner][vc_column_inner width=&#8221;1\/3&#8243;]\n<div tabindex=\"0\" id=\"interactive-banner-1-wrap-8524\" class=\"ult-banner-block ult-adjust-bottom-margin ult-bb-none  banner-style01 \"   style=\"\">\n\t<img decoding=\"async\" src=\"https:\/\/kurti-07.com\/wp-content\/uploads\/2020\/04\/impiant1.jpg\" alt=\"null\">\n\t<h3  data-ultimate-target='#interactive-banner-1-wrap-8524 .bb-top-title '  data-responsive-json-new='{\"font-size\":\"\",\"line-height\":\"\"}'  class=\"title-center bb-top-title ult-responsive\" style=\"font-weight:normal;background:#1d73bf;color:#ffffff;\">Impiant per prodhim inertesh 300 Ton\/Ore<\/h3>\n\t<div class=\"mask opaque-background\" style=\"background:;\">\n\t\t<div  data-ultimate-target='#interactive-banner-1-wrap-8524 .bb-description'  data-responsive-json-new='{\"font-size\":\"\",\"line-height\":\"\"}'  class=\"bb-description ult-responsive\" style=\"font-weight:normal;color:#ffffff;\"><\/div>\n\t<\/div>\n<\/div>[\/vc_column_inner][vc_column_inner width=&#8221;1\/3&#8243;]\n<div tabindex=\"0\" id=\"interactive-banner-1-wrap-7889\" class=\"ult-banner-block ult-adjust-bottom-margin ult-bb-none  banner-style01 \"   style=\"\">\n\t<img decoding=\"async\" src=\"https:\/\/kurti-07.com\/wp-content\/uploads\/2020\/04\/mjete-transporti.png\" alt=\"null\">\n\t<h3  data-ultimate-target='#interactive-banner-1-wrap-7889 .bb-top-title '  data-responsive-json-new='{\"font-size\":\"\",\"line-height\":\"\"}'  class=\"title-center bb-top-title ult-responsive\" style=\"font-weight:normal;background:#1d73bf;color:#ffffff;\">30 mjete transporti te tonazheve te ndryshme<\/h3>\n\t<div class=\"mask opaque-background\" style=\"background:;\">\n\t\t<div  data-ultimate-target='#interactive-banner-1-wrap-7889 .bb-description'  data-responsive-json-new='{\"font-size\":\"\",\"line-height\":\"\"}'  class=\"bb-description ult-responsive\" style=\"font-weight:normal;color:#ffffff;\"><\/div>\n\t<\/div>\n<\/div>[\/vc_column_inner][vc_column_inner width=&#8221;1\/3&#8243;]\n<div tabindex=\"0\" id=\"interactive-banner-1-wrap-3569\" class=\"ult-banner-block ult-adjust-bottom-margin ult-bb-none  banner-style01 \"   style=\"\">\n\t<img decoding=\"async\" src=\"https:\/\/kurti-07.com\/wp-content\/uploads\/2020\/04\/mjetet-e-renda1.jpg\" alt=\"null\">\n\t<h3  data-ultimate-target='#interactive-banner-1-wrap-3569 .bb-top-title '  data-responsive-json-new='{\"font-size\":\"\",\"line-height\":\"\"}'  class=\"title-center bb-top-title ult-responsive\" style=\"font-weight:normal;background:#1d73bf;color:#ffffff;\">20 mjete te renda si eskavatore, minieskavatore, buldozer dhe rrula<\/h3>\n\t<div class=\"mask opaque-background\" style=\"background:;\">\n\t\t<div  data-ultimate-target='#interactive-banner-1-wrap-3569 .bb-description'  data-responsive-json-new='{\"font-size\":\"\",\"line-height\":\"\"}'  class=\"bb-description ult-responsive\" style=\"font-weight:normal;color:#ffffff;\"><\/div>\n\t<\/div>\n<\/div>[\/vc_column_inner][\/vc_row_inner][\/vc_column][\/vc_row]<\/p>\n<\/div>","protected":false},"excerpt":{"rendered":"<p>[vc_row][vc_column][vc_custom_heading text=&#8221;HISTORIKU&#8221; font_container=&#8221;tag:h2|text_align:left|color:%23000000&#8243; google_fonts=&#8221;font_family:Alegreya%20Sans%3A100%2C100italic%2C300%2C300italic%2Cregular%2Citalic%2C500%2C500italic%2C700%2C700italic%2C800%2C800italic%2C900%2C900italic|font_style:400%20regular%3A400%3Anormal&#8221;][vc_separator color=&#8221;orange&#8221; align=&#8221;align_left&#8221; border_width=&#8221;9&#8243; el_width=&#8221;10&#8243;][\/vc_column][\/vc_row][vc_row][vc_column width=&#8221;2\/3&#8243;][vc_column_text] \u201cKURTI-07\u201d sh.p.k \u00ebsht\u00eb themeluar ne vitin 2007 me seli n\u00eb Rinas, me nj\u00eb aktivitet prej 10 vitesh n\u00eb fush\u00ebn e punimeve t\u00eb nd\u00ebrtimit, g\u00ebrmime, punime t\u00eb kanalizimeve, sistemime territoresh e zonash t\u00eb gjelbra, punime n\u00eb fush\u00ebn e uj\u00ebsjell\u00ebsave, furnizimi me inerte, materiale t\u00eb nd\u00ebrtimit dhe transporte&hellip;<\/p>\n","protected":false},"author":1,"featured_media":0,"parent":0,"menu_order":0,"comment_status":"closed","ping_status":"closed","template":"","meta":{"footnotes":""},"class_list":["post-30","page","type-page","status-publish","hentry","description-off"],"_links":{"self":[{"href":"https:\/\/kurti-07.com\/index.php\/wp-json\/wp\/v2\/pages\/30","targetHints":{"allow":["GET"]}}],"collection":[{"href":"https:\/\/kurti-07.com\/index.php\/wp-json\/wp\/v2\/pages"}],"about":[{"href":"https:\/\/kurti-07.com\/index.php\/wp-json\/wp\/v2\/types\/page"}],"author":[{"embeddable":true,"href":"https:\/\/kurti-07.com\/index.php\/wp-json\/wp\/v2\/users\/1"}],"replies":[{"embeddable":true,"href":"https:\/\/kurti-07.com\/index.php\/wp-json\/wp\/v2\/comments?post=30"}],"version-history":[{"count":9,"href":"https:\/\/kurti-07.com\/index.php\/wp-json\/wp\/v2\/pages\/30\/revisions"}],"predecessor-version":[{"id":111,"href":"https:\/\/kurti-07.com\/index.php\/wp-json\/wp\/v2\/pages\/30\/revisions\/111"}],"wp:attachment":[{"href":"https:\/\/kurti-07.com\/index.php\/wp-json\/wp\/v2\/media?parent=30"}],"curies":[{"name":"wp","href":"https:\/\/api.w.org\/{rel}","templated":true}]}}